{"id":462,"date":"2015-08-06T04:25:04","date_gmt":"2015-08-06T04:25:04","guid":{"rendered":"http:\/\/builder.zooka.io\/?page_id=462"},"modified":"2023-07-24T15:57:53","modified_gmt":"2023-07-24T14:57:53","slug":"accueil","status":"publish","type":"page","link":"https:\/\/www.fastlane-turnstiles.com\/fr\/","title":{"rendered":"Accueil"},"content":{"rendered":"<div class=\"wpb-content-wrapper\"><p>[vc_row css=&#8221;.vc_custom_1690210664999{margin-bottom: 0px !important;padding-bottom: 0px !important;}&#8221;][vc_column][rev_slider_vc alias=&#8221;home-slide-v5&#8243;][\/vc_column][\/vc_row][vc_row full_width=&#8221;stretch_row&#8221; css=&#8221;.vc_custom_1488998583999{margin-bottom: 0px !important;padding-top: 20px !important;padding-bottom: 15px !important;background-color: #313133 !important;background-position: center !important;background-repeat: no-repeat !important;background-size: cover !important;}&#8221; el_id=&#8221;home_quote&#8221; el_class=&#8221;home_quote&#8221;][vc_column width=&#8221;3\/4&#8243;][vc_custom_heading text=&#8221;La fiabilit\u00e9 de notre technologie, la sp\u00e9cification de votre projet&#8221; font_container=&#8221;tag:div|font_size:18|text_align:left|color:%23ffffff&#8221; use_theme_fonts=&#8221;yes&#8221; el_class=&#8221;home_quote_txt&#8221; css=&#8221;.vc_custom_1516871378949{margin-top: 5px !important;}&#8221;][\/vc_column][vc_column width=&#8221;1\/4&#8243;][vc_btn title=&#8221;Source d&#8217;inspiration&#8221; shape=&#8221;square&#8221; color=&#8221;default&#8221; align=&#8221;center&#8221; button_block=&#8221;true&#8221; link=&#8221;url:http%3A%2F%2Fwww.fastlane-turnstiles.com\/fr%2Fcase-studies%2F|||&#8221;][\/vc_column][\/vc_row][vc_row gap=&#8221;20&#8243; equal_height=&#8221;yes&#8221; css=&#8221;.vc_custom_1487869513450{margin-top: 40px !important;}&#8221;][vc_column width=&#8221;1\/3&#8243;][vc_single_image image=&#8221;2139&#8243; img_size=&#8221;full&#8221;][vc_custom_heading text=&#8221;\u00c0 propos des couloirs de contr\u00f4le d\u2019acc\u00e8s Fastlane&#8221; font_container=&#8221;tag:div|font_size:18|text_align:left|color:%23111111&#8243; use_theme_fonts=&#8221;yes&#8221; css=&#8221;.vc_custom_1516871464815{margin-top: 20px !important;margin-bottom: 20px !important;border-bottom-width: 1px !important;padding-top: 0px !important;padding-bottom: 10px !important;border-bottom-color: #dddddd !important;border-bottom-style: solid !important;}&#8221;][vc_column_text css=&#8221;.vc_custom_1516871495883{margin-top: 20px !important;}&#8221;]Depuis plus de trente ans, les syst\u00e8mes de contr\u00f4le d&#8217;acc\u00e8s Fastlane sont reconnus en raison de notre souci in\u00e9gal\u00e9 du d\u00e9tail, garantissant leur fiabilit\u00e9 d\u00e8s leur installation.[\/vc_column_text][vc_btn title=&#8221;En savoir plus&#8221; shape=&#8221;square&#8221; align=&#8221;left&#8221; button_block=&#8221;true&#8221; link=&#8221;url:http%3A%2F%2Fwww.fastlane-turnstiles.com\/fr%2Fabout-us%2F|||&#8221; css=&#8221;.vc_custom_1516871533202{margin-top: 20px !important;margin-bottom: 20px !important;}&#8221;][\/vc_column][vc_column width=&#8221;1\/3&#8243;][vc_single_image image=&#8221;2137&#8243; img_size=&#8221;full&#8221;][vc_custom_heading text=&#8221;Gammes des produits&#8221; font_container=&#8221;tag:div|font_size:18|text_align:left|color:%23111111&#8243; use_theme_fonts=&#8221;yes&#8221; css=&#8221;.vc_custom_1516871575226{margin-top: 20px !important;margin-bottom: 20px !important;border-bottom-width: 1px !important;padding-top: 0px !important;padding-bottom: 10px !important;border-bottom-color: #dddddd !important;border-bottom-style: solid !important;}&#8221;][vc_column_text css=&#8221;.vc_custom_1516876673740{margin-top: 20px !important;}&#8221;]Gr\u00e2ce \u00e0 une large gamme de couloirs de contr\u00f4le d\u2019acc\u00e8s \u00e9l\u00e9gants, depuis les couloirs de contr\u00f4le d\u2019acc\u00e8s rapide Speedgates, les couloirs de contr\u00f4le d\u2019acc\u00e8s \u00e0 barres transversales, les couloirs de contr\u00f4le d\u2019acc\u00e8s optique aux dispositifs de s\u00e9curit\u00e9 discrets pour porte, vous pouvez \u00eatre certain de trouver un produit efficace correspondant \u00e0 chaque projet et budget pour votre contr\u00f4le d&#8217;acc\u00e8s pi\u00e9tons.[\/vc_column_text][vc_btn title=&#8221;En savoir plus&#8221; shape=&#8221;square&#8221; align=&#8221;left&#8221; button_block=&#8221;true&#8221; link=&#8221;url:http%3A%2F%2Fwww.fastlane-turnstiles.com\/fr%2Fproduct-range%2F|||&#8221; css=&#8221;.vc_custom_1516876708396{margin-top: 20px !important;margin-bottom: 20px !important;}&#8221;][\/vc_column][vc_column width=&#8221;1\/3&#8243;][vc_single_image image=&#8221;2070&#8243; img_size=&#8221;full&#8221;][vc_custom_heading text=&#8221;Produits sur mesure&#8221; font_container=&#8221;tag:div|font_size:18|text_align:left|color:%23111111&#8243; use_theme_fonts=&#8221;yes&#8221; css=&#8221;.vc_custom_1516876747076{margin-top: 20px !important;margin-bottom: 20px !important;border-bottom-width: 1px !important;padding-top: 0px !important;padding-bottom: 10px !important;border-bottom-color: #dddddd !important;border-bottom-style: solid !important;}&#8221;][vc_column_text css=&#8221;.vc_custom_1516876774014{margin-top: 20px !important;}&#8221;]En tant que concepteurs et fabricants, nous pouvons personnaliser nos produits et collaborer avec vous pour vous permettre d\u2019achever votre projet dans les d\u00e9lais impartis, en respectant votre budget et en d\u00e9passant les attentes uniques de vos clients.[\/vc_column_text][vc_btn title=&#8221;En savoir plus&#8221; shape=&#8221;square&#8221; align=&#8221;left&#8221; button_block=&#8221;true&#8221; link=&#8221;url:http%3A%2F%2Fwww.fastlane-turnstiles.com\/fr%2Four-services%2Fbespoke%2F|||&#8221; css=&#8221;.vc_custom_1516876721007{margin-top: 20px !important;margin-bottom: 20px !important;}&#8221;][\/vc_column][vc_column][vc_separator css=&#8221;.vc_custom_1489074065346{margin-top: 10px !important;}&#8221;][\/vc_column][\/vc_row][vc_row css=&#8221;.vc_custom_1487931815854{margin-top: 30px !important;}&#8221;][vc_column width=&#8221;1\/4&#8243; css=&#8221;.vc_custom_1521490333560{margin-bottom: 30px !important;}&#8221;][vc_custom_heading text=&#8221;Projets r\u00e9cents&#8221; font_container=&#8221;tag:div|font_size:18|text_align:left|color:%23313133&#8243; use_theme_fonts=&#8221;yes&#8221;][vc_column_text css=&#8221;.vc_custom_1516876830992{margin-top: 20px !important;padding-right: 10px !important;}&#8221;]<\/p>\n<p class=\"p1\">Nos produits sont install\u00e9s dans le monde entier, ayant \u00e9t\u00e9 choisis pour s\u00e9curiser certains des b\u00e2timents les plus remarquables du monde. Nous sommes fiers de pr\u00e9senter quelques-uns de nos projets les plus r\u00e9cents.<\/p>\n<p>[\/vc_column_text][\/vc_column][vc_column width=&#8221;3\/4&#8243;][vc_masonry_grid post_type=&#8221;post&#8221; max_items=&#8221;3&#8243; item=&#8221;2794&#8243; initial_loading_animation=&#8221;fadeIn&#8221; grid_id=&#8221;vc_gid:1690210159236-a0ced056-0d7f-10&#8243; taxonomies=&#8221;25&#8243; css=&#8221;.vc_custom_1505991341762{background-color: #ffffff !important;}&#8221;][\/vc_column][\/vc_row][vc_row full_width=&#8221;stretch_row&#8221; css=&#8221;.vc_custom_1539421016401{background-image: url(https:\/\/www.fastlane-turnstiles.com\/fr\/wp-content\/uploads\/2015\/08\/green-lines.png?id=1733) !important;background-position: 0 0 !important;background-repeat: repeat !important;}&#8221;][vc_column][vc_empty_space height=&#8221;60px&#8221; css=&#8221;.vc_custom_1489071285704{background-position: 0 0 !important;background-repeat: repeat !important;}&#8221;][\/vc_column][\/vc_row][vc_row full_width=&#8221;stretch_row&#8221; parallax=&#8221;content-moving&#8221; parallax_image=&#8221;1727&#8243; css=&#8221;.vc_custom_1488998277400{margin-top: 0px !important;margin-bottom: 0px !important;padding-top: 90px !important;padding-bottom: 90px !important;}&#8221;][vc_column][vc_custom_heading text=&#8221;Aucun autre syst\u00e8me ne vous permet de g\u00e9rer aussi rapidement les utilisateurs autoris\u00e9s, de dissuader les personnes non autoris\u00e9es de mani\u00e8re plus efficace, ne s\u2019int\u00e8gre aussi facilement et ne convient aussi bien \u00e0 votre projet que les syt\u00e8mes Fastlane&#8221; font_container=&#8221;tag:div|font_size:24|text_align:center|color:%23ffffff&#8221; use_theme_fonts=&#8221;yes&#8221;][\/vc_column][\/vc_row][vc_row][vc_column][vc_empty_space][vc_separator][vc_empty_space][\/vc_column][\/vc_row][vc_row equal_height=&#8221;yes&#8221; css=&#8221;.vc_custom_1488366975020{margin-bottom: 20px !important;}&#8221;][vc_column width=&#8221;1\/3&#8243; css=&#8221;.vc_custom_1489073989500{margin-bottom: 20px !important;}&#8221;][vc_single_image image=&#8221;2246&#8243; img_size=&#8221;full&#8221;][\/vc_column][vc_column width=&#8221;1\/3&#8243;][vc_custom_heading text=&#8221;Enregistrement des produits Fastlane&#8221; font_container=&#8221;tag:div|font_size:18|text_align:left|color:%23313133&#8243; use_theme_fonts=&#8221;yes&#8221; css=&#8221;.vc_custom_1516876887654{margin-bottom: 10px !important;}&#8221;][vc_column_text]Enregistrez vos produits Fastlane en utilisant Fastlane Connect (connexion LAN requise pour chaque couloir) dans les 3 mois suivant l&#8217;achat pour b\u00e9n\u00e9ficier d&#8217;une garantie suppl\u00e9mentaire d&#8217;un an.[\/vc_column_text][vc_row_inner][vc_column_inner][vc_btn title=&#8221;Cliquez ici pour effectuer l&#8217;enregistrement&#8221; shape=&#8221;square&#8221; align=&#8221;left&#8221; i_icon_fontawesome=&#8221;fa fa-pencil-square-o&#8221; button_block=&#8221;true&#8221; add_icon=&#8221;true&#8221; css=&#8221;.vc_custom_1516876944682{margin-top: 20px !important;margin-right: 20px !important;margin-bottom: 20px !important;margin-left: 0px !important;}&#8221; link=&#8221;url:http%3A%2F%2Fwww.fastlane-turnstiles.com\/fr%2Four-services%2Fregister-your-product%2F|||&#8221;][\/vc_column_inner][\/vc_row_inner][\/vc_column][vc_column width=&#8221;1\/3&#8243;][vc_custom_heading text=&#8221;Mod\u00e9lisation des Informations du B\u00e2timent &#8211; BIM&#8221; font_container=&#8221;tag:div|font_size:18|text_align:left|color:%23313133&#8243; use_theme_fonts=&#8221;yes&#8221; css=&#8221;.vc_custom_1516876979221{margin-bottom: 10px !important;}&#8221;][vc_column_text]Nos produits sont disponibles sous forme de mod\u00e8les BIM, pour fournir aux architectes et aux prescripteurs des mod\u00e8les et des donn\u00e9es dans les diff\u00e9rents formats requis pour BIM. Veuillez cliquer sur le logo de\u00a0<a href=\"https:\/\/bimobject.com\/en-us\/idl\" target=\"_blank\" rel=\"noopener noreferrer\">BimObject<\/a> ou de la\u00a0<a href=\"https:\/\/www.nationalbimlibrary.com\/integrated-design-ltd\">Biblioth\u00e8que nationale BIM de NBS<\/a> pour ouvrir nos pages de ces deux biblioth\u00e8ques.<\/p>\n<p><a href=\"https:\/\/bimobject.com\/en-us\/idl\" target=\"_blank\" rel=\"noopener noreferrer\"><img loading=\"lazy\" decoding=\"async\" class=\"alignnone wp-image-2493 size-full\" src=\"https:\/\/www.fastlane-turnstiles.com\/fr\/wp-content\/uploads\/2015\/08\/logo-bimobject.png\" alt=\"\" width=\"240\" height=\"80\" \/><\/a>\u00a0<a href=\"https:\/\/www.nationalbimlibrary.com\/integrated-design-ltd\" target=\"_blank\" rel=\"noopener noreferrer\"><img loading=\"lazy\" decoding=\"async\" class=\"alignnone wp-image-1365\" src=\"https:\/\/www.fastlane-turnstiles.com\/fr\/wp-content\/uploads\/2015\/08\/NBS-BIM-Logo.png\" alt=\"\" width=\"76\" height=\"76\" \/><\/a>[\/vc_column_text][vc_row_inner][vc_column_inner][\/vc_column_inner][\/vc_row_inner][\/vc_column][\/vc_row][vc_row][vc_column][vc_separator css=&#8221;.vc_custom_1488296270062{margin-top: 10px !important;margin-bottom: 20px !important;}&#8221;][\/vc_column][\/vc_row][vc_row css=&#8221;.vc_custom_1488296216773{margin-top: 0px !important;}&#8221;][vc_column][vc_custom_heading text=&#8221;Principaux articles et \u00e9v\u00e9nements&#8221; font_container=&#8221;tag:div|font_size:22|text_align:center|color:%23000000&#8243; use_theme_fonts=&#8221;yes&#8221; css=&#8221;.vc_custom_1516877111328{margin-bottom: 20px !important;}&#8221;][\/vc_column][\/vc_row][vc_row][vc_column][vc_basic_grid post_type=&#8221;post&#8221; max_items=&#8221;4&#8243; style=&#8221;lazy&#8221; items_per_page=&#8221;4&#8243; show_filter=&#8221;yes&#8221; element_width=&#8221;3&#8243; filter_style=&#8221;default-less-rounded&#8221; item=&#8221;1194&#8243; grid_id=&#8221;vc_gid:1690210159245-e1053010-8656-10&#8243; filter_source=&#8221;category&#8221; exclude_filter=&#8221;31&#8243;][\/vc_column][\/vc_row][vc_row][vc_column][vc_separator css=&#8221;.vc_custom_1489509308450{margin-top: 30px !important;margin-bottom: 30px !important;}&#8221;][\/vc_column][\/vc_row][vc_row css=&#8221;.vc_custom_1488295434389{margin-bottom: 30px !important;}&#8221;][vc_column width=&#8221;1\/4&#8243; css=&#8221;.vc_custom_1489074020833{margin-bottom: 20px !important;}&#8221;][vc_video link=&#8221;https:\/\/vimeo.com\/234553068&#8243;][\/vc_column][vc_column width=&#8221;3\/4&#8243; css=&#8221;.vc_custom_1488295443257{margin-bottom: 20px !important;}&#8221;][vc_custom_heading text=&#8221;\u00c0 propos de Fastlane&#8221; font_container=&#8221;tag:div|font_size:18|text_align:left|color:%23000000&#8243; use_theme_fonts=&#8221;yes&#8221; css=&#8221;.vc_custom_1516877149720{margin-bottom: 20px !important;}&#8221;][vc_column_text]Les couloirs de contr\u00f4le d\u2019acc\u00e8s Fastlane sont con\u00e7us et fabriqu\u00e9s par Integrated Design Ltd, dans nos locaux de l&#8217;Ouest de Londres \u00e0 Feltham, Middlesex. La soci\u00e9t\u00e9 s&#8217;est d\u00e9velopp\u00e9e par croissance interne depuis 1985, p\u00e9riode \u00e0 laquelle les couloirs de contr\u00f4le d\u2019acc\u00e8s optique, les couloirs de contr\u00f4le d\u2019acc\u00e8s \u00e0 barres transversales et les couloirs de contr\u00f4le d\u2019acc\u00e8s rapide Speedgate de Fastlane ont \u00e9t\u00e9 progressivement d\u00e9velopp\u00e9s. La marque Fastlane est r\u00e9put\u00e9e pour son \u00e9l\u00e9gance, sa qualit\u00e9 et sa fiabilit\u00e9, ainsi que pour l&#8217;application de sa technologie innovante.[\/vc_column_text][vc_btn title=&#8221;En savoir plus sur Fastlane&#8221; shape=&#8221;square&#8221; link=&#8221;url:http%3A%2F%2Fwww.fastlane-turnstiles.com\/fr%2Fabout-us%2F|||&#8221; css=&#8221;.vc_custom_1516877188877{margin-top: 20px !important;}&#8221;][\/vc_column][\/vc_row][vc_row][vc_column][vc_separator css=&#8221;.vc_custom_1488295504436{margin-bottom: 30px !important;}&#8221;][\/vc_column][\/vc_row][vc_row][vc_column width=&#8221;1\/6&#8243;][vc_single_image image=&#8221;1837&#8243; img_size=&#8221;full&#8221; onclick=&#8221;custom_link&#8221; img_link_target=&#8221;_blank&#8221; css=&#8221;.vc_custom_1502802565251{margin-top: 20px !important;}&#8221; link=&#8221;http:\/\/www.sgs.com\/certifiedclients&#8221;][\/vc_column][vc_column width=&#8221;1\/6&#8243;][vc_single_image image=&#8221;1838&#8243; img_size=&#8221;full&#8221; onclick=&#8221;custom_link&#8221; img_link_target=&#8221;_blank&#8221; css=&#8221;.vc_custom_1502802574689{margin-top: 20px !important;}&#8221; link=&#8221;http:\/\/www.sgs.com\/certifiedclients&#8221;][\/vc_column][vc_column width=&#8221;1\/6&#8243;][vc_single_image image=&#8221;1212&#8243; onclick=&#8221;custom_link&#8221; img_link_target=&#8221;_blank&#8221; link=&#8221;https:\/\/www.ribaproductselector.com\/integrated-design-ltd\/16109\/overview.aspx&#8221;][\/vc_column][vc_column width=&#8221;1\/6&#8243;][\/vc_column][vc_column width=&#8221;1\/6&#8243;][\/vc_column][vc_column width=&#8221;1\/6&#8243;][\/vc_column][\/vc_row]<\/p>\n<\/div>","protected":false},"excerpt":{"rendered":"<p>[vc_row css=&#8221;.vc_custom_1690210664999{margin-bottom: 0px !important;padding-bottom: 0px !important;}&#8221;][vc_column][rev_slider_vc alias=&#8221;home-slide-v5&#8243;][\/vc_column][\/vc_row][vc_row full_width=&#8221;stretch_row&#8221; css=&#8221;.vc_custom_1488998583999{margin-bottom: 0px !important;padding-top: 20px !important;padding-bottom: 15px !important;background-color: #313133 !important;background-position: center !important;background-repeat: no-repeat [&hellip;]<\/p>\n","protected":false},"author":1,"featured_media":0,"parent":0,"menu_order":0,"comment_status":"closed","ping_status":"closed","template":"","meta":{"footnotes":""},"class_list":["post-462","page","type-page","status-publish","hentry"],"yoast_head":"<!-- This site is optimized with the Yoast SEO plugin v27.5 - https:\/\/yoast.com\/product\/yoast-seo-wordpress\/ -->\n<title>Fastlane Turnstiles - contr\u00f4le d\u2019acc\u00e8s | Integrated Design Limited<\/title>\n<meta name=\"description\" content=\"Depuis plus de trente ans, les syst\u00e8mes de contr\u00f4le d&#039;acc\u00e8s Fastlane sont reconnus en raison de notre souci in\u00e9gal\u00e9 du d\u00e9tail, garantissant leur fiabilit\u00e9 d\u00e8s leur installation.\" \/>\n<meta name=\"robots\" content=\"index, follow, max-snippet:-1, max-image-preview:large, max-video-preview:-1\" \/>\n<link rel=\"canonical\" href=\"https:\/\/www.fastlane-turnstiles.com\/fr\/\" \/>\n<meta property=\"og:locale\" content=\"en_GB\" \/>\n<meta property=\"og:type\" content=\"article\" \/>\n<meta property=\"og:title\" content=\"Fastlane Turnstiles - contr\u00f4le d\u2019acc\u00e8s | Integrated Design Limited\" \/>\n<meta property=\"og:description\" content=\"Depuis plus de trente ans, les syst\u00e8mes de contr\u00f4le d&#039;acc\u00e8s Fastlane sont reconnus en raison de notre souci in\u00e9gal\u00e9 du d\u00e9tail, garantissant leur fiabilit\u00e9 d\u00e8s leur installation.\" \/>\n<meta property=\"og:url\" content=\"https:\/\/www.fastlane-turnstiles.com\/fr\/\" \/>\n<meta property=\"og:site_name\" content=\"Fastlane Turnstiles\" \/>\n<meta property=\"article:modified_time\" content=\"2023-07-24T14:57:53+00:00\" \/>\n<meta property=\"og:image\" content=\"https:\/\/www.fastlane-turnstiles.com\/fr\/wp-content\/uploads\/2015\/08\/logo-bimobject.png\" \/>\n<meta name=\"twitter:card\" content=\"summary_large_image\" \/>\n<meta name=\"twitter:label1\" content=\"Estimated reading time\" \/>\n\t<meta name=\"twitter:data1\" content=\"4 minutes\" \/>\n<script type=\"application\/ld+json\" class=\"yoast-schema-graph\">{\"@context\":\"https:\\\/\\\/schema.org\",\"@graph\":[{\"@type\":\"WebPage\",\"@id\":\"https:\\\/\\\/www.fastlane-turnstiles.com\\\/fr\\\/\",\"url\":\"https:\\\/\\\/www.fastlane-turnstiles.com\\\/fr\\\/\",\"name\":\"Fastlane Turnstiles - contr\u00f4le d\u2019acc\u00e8s | Integrated Design Limited\",\"isPartOf\":{\"@id\":\"https:\\\/\\\/www.fastlane-turnstiles.com\\\/fr\\\/#website\"},\"primaryImageOfPage\":{\"@id\":\"https:\\\/\\\/www.fastlane-turnstiles.com\\\/fr\\\/#primaryimage\"},\"image\":{\"@id\":\"https:\\\/\\\/www.fastlane-turnstiles.com\\\/fr\\\/#primaryimage\"},\"thumbnailUrl\":\"https:\\\/\\\/www.fastlane-turnstiles.com\\\/fr\\\/wp-content\\\/uploads\\\/2015\\\/08\\\/logo-bimobject.png\",\"datePublished\":\"2015-08-06T04:25:04+00:00\",\"dateModified\":\"2023-07-24T14:57:53+00:00\",\"description\":\"Depuis plus de trente ans, les syst\u00e8mes de contr\u00f4le d'acc\u00e8s Fastlane sont reconnus en raison de notre souci in\u00e9gal\u00e9 du d\u00e9tail, garantissant leur fiabilit\u00e9 d\u00e8s leur installation.\",\"breadcrumb\":{\"@id\":\"https:\\\/\\\/www.fastlane-turnstiles.com\\\/fr\\\/#breadcrumb\"},\"inLanguage\":\"en-GB\",\"potentialAction\":[{\"@type\":\"ReadAction\",\"target\":[\"https:\\\/\\\/www.fastlane-turnstiles.com\\\/fr\\\/\"]}]},{\"@type\":\"ImageObject\",\"inLanguage\":\"en-GB\",\"@id\":\"https:\\\/\\\/www.fastlane-turnstiles.com\\\/fr\\\/#primaryimage\",\"url\":\"https:\\\/\\\/www.fastlane-turnstiles.com\\\/fr\\\/wp-content\\\/uploads\\\/2015\\\/08\\\/logo-bimobject.png\",\"contentUrl\":\"https:\\\/\\\/www.fastlane-turnstiles.com\\\/fr\\\/wp-content\\\/uploads\\\/2015\\\/08\\\/logo-bimobject.png\",\"width\":240,\"height\":80,\"caption\":\"logo-bimobject\"},{\"@type\":\"BreadcrumbList\",\"@id\":\"https:\\\/\\\/www.fastlane-turnstiles.com\\\/fr\\\/#breadcrumb\",\"itemListElement\":[{\"@type\":\"ListItem\",\"position\":1,\"name\":\"Home\",\"item\":\"https:\\\/\\\/www.fastlane-turnstiles.com\\\/fr\\\/\"},{\"@type\":\"ListItem\",\"position\":2,\"name\":\"Accueil\"}]},{\"@type\":\"WebSite\",\"@id\":\"https:\\\/\\\/www.fastlane-turnstiles.com\\\/fr\\\/#website\",\"url\":\"https:\\\/\\\/www.fastlane-turnstiles.com\\\/fr\\\/\",\"name\":\"Fastlane Turnstiles\",\"description\":\"\",\"potentialAction\":[{\"@type\":\"SearchAction\",\"target\":{\"@type\":\"EntryPoint\",\"urlTemplate\":\"https:\\\/\\\/www.fastlane-turnstiles.com\\\/fr\\\/?s={search_term_string}\"},\"query-input\":{\"@type\":\"PropertyValueSpecification\",\"valueRequired\":true,\"valueName\":\"search_term_string\"}}],\"inLanguage\":\"en-GB\"}]}<\/script>\n<!-- \/ Yoast SEO plugin. -->","yoast_head_json":{"title":"Fastlane Turnstiles - contr\u00f4le d\u2019acc\u00e8s | Integrated Design Limited","description":"Depuis plus de trente ans, les syst\u00e8mes de contr\u00f4le d'acc\u00e8s Fastlane sont reconnus en raison de notre souci in\u00e9gal\u00e9 du d\u00e9tail, garantissant leur fiabilit\u00e9 d\u00e8s leur installation.","robots":{"index":"index","follow":"follow","max-snippet":"max-snippet:-1","max-image-preview":"max-image-preview:large","max-video-preview":"max-video-preview:-1"},"canonical":"https:\/\/www.fastlane-turnstiles.com\/fr\/","og_locale":"en_GB","og_type":"article","og_title":"Fastlane Turnstiles - contr\u00f4le d\u2019acc\u00e8s | Integrated Design Limited","og_description":"Depuis plus de trente ans, les syst\u00e8mes de contr\u00f4le d'acc\u00e8s Fastlane sont reconnus en raison de notre souci in\u00e9gal\u00e9 du d\u00e9tail, garantissant leur fiabilit\u00e9 d\u00e8s leur installation.","og_url":"https:\/\/www.fastlane-turnstiles.com\/fr\/","og_site_name":"Fastlane Turnstiles","article_modified_time":"2023-07-24T14:57:53+00:00","og_image":[{"url":"https:\/\/www.fastlane-turnstiles.com\/fr\/wp-content\/uploads\/2015\/08\/logo-bimobject.png","type":"","width":"","height":""}],"twitter_card":"summary_large_image","twitter_misc":{"Estimated reading time":"4 minutes"},"schema":{"@context":"https:\/\/schema.org","@graph":[{"@type":"WebPage","@id":"https:\/\/www.fastlane-turnstiles.com\/fr\/","url":"https:\/\/www.fastlane-turnstiles.com\/fr\/","name":"Fastlane Turnstiles - contr\u00f4le d\u2019acc\u00e8s | Integrated Design Limited","isPartOf":{"@id":"https:\/\/www.fastlane-turnstiles.com\/fr\/#website"},"primaryImageOfPage":{"@id":"https:\/\/www.fastlane-turnstiles.com\/fr\/#primaryimage"},"image":{"@id":"https:\/\/www.fastlane-turnstiles.com\/fr\/#primaryimage"},"thumbnailUrl":"https:\/\/www.fastlane-turnstiles.com\/fr\/wp-content\/uploads\/2015\/08\/logo-bimobject.png","datePublished":"2015-08-06T04:25:04+00:00","dateModified":"2023-07-24T14:57:53+00:00","description":"Depuis plus de trente ans, les syst\u00e8mes de contr\u00f4le d'acc\u00e8s Fastlane sont reconnus en raison de notre souci in\u00e9gal\u00e9 du d\u00e9tail, garantissant leur fiabilit\u00e9 d\u00e8s leur installation.","breadcrumb":{"@id":"https:\/\/www.fastlane-turnstiles.com\/fr\/#breadcrumb"},"inLanguage":"en-GB","potentialAction":[{"@type":"ReadAction","target":["https:\/\/www.fastlane-turnstiles.com\/fr\/"]}]},{"@type":"ImageObject","inLanguage":"en-GB","@id":"https:\/\/www.fastlane-turnstiles.com\/fr\/#primaryimage","url":"https:\/\/www.fastlane-turnstiles.com\/fr\/wp-content\/uploads\/2015\/08\/logo-bimobject.png","contentUrl":"https:\/\/www.fastlane-turnstiles.com\/fr\/wp-content\/uploads\/2015\/08\/logo-bimobject.png","width":240,"height":80,"caption":"logo-bimobject"},{"@type":"BreadcrumbList","@id":"https:\/\/www.fastlane-turnstiles.com\/fr\/#breadcrumb","itemListElement":[{"@type":"ListItem","position":1,"name":"Home","item":"https:\/\/www.fastlane-turnstiles.com\/fr\/"},{"@type":"ListItem","position":2,"name":"Accueil"}]},{"@type":"WebSite","@id":"https:\/\/www.fastlane-turnstiles.com\/fr\/#website","url":"https:\/\/www.fastlane-turnstiles.com\/fr\/","name":"Fastlane Turnstiles","description":"","potentialAction":[{"@type":"SearchAction","target":{"@type":"EntryPoint","urlTemplate":"https:\/\/www.fastlane-turnstiles.com\/fr\/?s={search_term_string}"},"query-input":{"@type":"PropertyValueSpecification","valueRequired":true,"valueName":"search_term_string"}}],"inLanguage":"en-GB"}]}},"_links":{"self":[{"href":"https:\/\/www.fastlane-turnstiles.com\/fr\/wp-json\/wp\/v2\/pages\/462","targetHints":{"allow":["GET"]}}],"collection":[{"href":"https:\/\/www.fastlane-turnstiles.com\/fr\/wp-json\/wp\/v2\/pages"}],"about":[{"href":"https:\/\/www.fastlane-turnstiles.com\/fr\/wp-json\/wp\/v2\/types\/page"}],"author":[{"embeddable":true,"href":"https:\/\/www.fastlane-turnstiles.com\/fr\/wp-json\/wp\/v2\/users\/1"}],"replies":[{"embeddable":true,"href":"https:\/\/www.fastlane-turnstiles.com\/fr\/wp-json\/wp\/v2\/comments?post=462"}],"version-history":[{"count":141,"href":"https:\/\/www.fastlane-turnstiles.com\/fr\/wp-json\/wp\/v2\/pages\/462\/revisions"}],"predecessor-version":[{"id":3363,"href":"https:\/\/www.fastlane-turnstiles.com\/fr\/wp-json\/wp\/v2\/pages\/462\/revisions\/3363"}],"wp:attachment":[{"href":"https:\/\/www.fastlane-turnstiles.com\/fr\/wp-json\/wp\/v2\/media?parent=462"}],"curies":[{"name":"wp","href":"https:\/\/api.w.org\/{rel}","templated":true}]}}