{"id":380,"date":"2015-08-04T03:14:56","date_gmt":"2015-08-04T03:14:56","guid":{"rendered":"http:\/\/builder.zooka.io\/?page_id=380"},"modified":"2021-07-09T22:20:41","modified_gmt":"2021-07-09T21:20:41","slug":"contactez-nous","status":"publish","type":"page","link":"https:\/\/www.fastlane-turnstiles.com\/fr\/contactez-nous\/","title":{"rendered":"Contactez-nous"},"content":{"rendered":"<div class=\"wpb-content-wrapper\"><p>[vc_row css=&#8221;.vc_custom_1438422197296{margin-bottom: 0px !important;}&#8221;][vc_column width=&#8221;2\/3&#8243;][vc_custom_heading text=&#8221;Contactez-nous&#8221; font_container=&#8221;tag:div|font_size:26|text_align:left|color:%23000000&#8243; use_theme_fonts=&#8221;yes&#8221; css=&#8221;.vc_custom_1516884582641{margin-bottom: 20px !important;}&#8221;][vc_custom_heading text=&#8221;Notre \u00e9quipe peut vous aider en r\u00e9pondant \u00e0 vos questions, et en vous conseillant sur le meilleur produit pour votre projet, les d\u00e9lais, les produits sur mesure, les int\u00e9grations, les sp\u00e9cifications du produit ou le BIM. Une carte vous est pr\u00e9sent\u00e9e ci-dessous, indiquant les territoires que nous couvrons.&#8221; font_container=&#8221;tag:div|font_size:22|text_align:left|color:%23348a32&#8243; use_theme_fonts=&#8221;yes&#8221; css=&#8221;.vc_custom_1516884616956{margin-top: 20px !important;margin-bottom: 30px !important;}&#8221;][vc_column_text css=&#8221;.vc_custom_1516884635433{margin-bottom: 30px !important;}&#8221;]Veuillez remplir le formulaire ci-dessous et une personne de notre \u00e9quipe vous contactera.\u00a0 Vous pouvez \u00e9galement faire d\u00e9filer vers le bas pour trouver les coordonn\u00e9es correspondant \u00e0 votre emplacement.[\/vc_column_text]\n<div class=\"wpcf7 no-js\" id=\"wpcf7-f2363-o1\" lang=\"en-GB\" dir=\"ltr\" data-wpcf7-id=\"2363\">\n<div class=\"screen-reader-response\"><p role=\"status\" aria-live=\"polite\" aria-atomic=\"true\"><\/p> <ul><\/ul><\/div>\n<form action=\"\/fr\/wp-json\/wp\/v2\/pages\/380#wpcf7-f2363-o1\" method=\"post\" class=\"wpcf7-form init\" aria-label=\"Contact form\" novalidate=\"novalidate\" data-status=\"init\">\n<fieldset class=\"hidden-fields-container\"><input type=\"hidden\" name=\"_wpcf7\" value=\"2363\" \/><input type=\"hidden\" name=\"_wpcf7_version\" value=\"6.1.5\" \/><input type=\"hidden\" name=\"_wpcf7_locale\" value=\"en_GB\" \/><input type=\"hidden\" name=\"_wpcf7_unit_tag\" value=\"wpcf7-f2363-o1\" \/><input type=\"hidden\" name=\"_wpcf7_container_post\" value=\"0\" \/><input type=\"hidden\" name=\"_wpcf7_posted_data_hash\" value=\"\" \/><input type=\"hidden\" name=\"_wpcf7_recaptcha_response\" value=\"\" \/>\n<\/fieldset>\n<p><label> Votre nom (obligatoire)<br \/>\n<span class=\"wpcf7-form-control-wrap\" data-name=\"your-name\"><input size=\"40\" maxlength=\"400\" class=\"wpcf7-form-control wpcf7-text wpcf7-validates-as-required\" aria-required=\"true\" aria-invalid=\"false\" value=\"\" type=\"text\" name=\"your-name\" \/><\/span> <\/label>\n<\/p>\n<p><label> Soci\u00e9t\u00e9 (obligatoire)<br \/>\n<span class=\"wpcf7-form-control-wrap\" data-name=\"company\"><input size=\"40\" maxlength=\"400\" class=\"wpcf7-form-control wpcf7-text wpcf7-validates-as-required\" aria-required=\"true\" aria-invalid=\"false\" value=\"\" type=\"text\" name=\"company\" \/><\/span> <\/label>\n<\/p>\n<p><label> T\u00e9l\u00e9phone (obligatoire)<br \/>\n<span class=\"wpcf7-form-control-wrap\" data-name=\"phone\"><input size=\"40\" maxlength=\"400\" class=\"wpcf7-form-control wpcf7-text wpcf7-validates-as-required\" aria-required=\"true\" aria-invalid=\"false\" value=\"\" type=\"text\" name=\"phone\" \/><\/span> <\/label>\n<\/p>\n<p><label> Votre e-mail (obligatoire)<br \/>\n<span class=\"wpcf7-form-control-wrap\" data-name=\"your-email\"><input size=\"40\" maxlength=\"400\" class=\"wpcf7-form-control wpcf7-email wpcf7-validates-as-required wpcf7-text wpcf7-validates-as-email\" aria-required=\"true\" aria-invalid=\"false\" value=\"\" type=\"email\" name=\"your-email\" \/><\/span> <\/label>\n<\/p>\n<p><label> Votre message<br \/>\n<span class=\"wpcf7-form-control-wrap\" data-name=\"your-message\"><textarea cols=\"40\" rows=\"10\" maxlength=\"2000\" class=\"wpcf7-form-control wpcf7-textarea wpcf7-validates-as-required\" aria-required=\"true\" aria-invalid=\"false\" name=\"your-message\"><\/textarea><\/span> <\/label>\n<\/p>\n\n<p><input class=\"wpcf7-form-control wpcf7-submit has-spinner\" type=\"submit\" value=\"Envoyer\" \/>\n<\/p><div class=\"wpcf7-response-output\" aria-hidden=\"true\"><\/div>\n<\/form>\n<\/div>\n[\/vc_column][vc_column width=&#8221;1\/3&#8243;][vc_custom_heading text=&#8221;Integrated Design Ltd&#8221; font_container=&#8221;tag:div|font_size:22|text_align:left|color:%23111111&#8243; use_theme_fonts=&#8221;yes&#8221; css=&#8221;.vc_custom_1502534116541{margin-bottom: 20px !important;border-bottom-width: 1px !important;padding-bottom: 10px !important;border-bottom-color: #dddddd !important;border-bottom-style: solid !important;}&#8221;][vc_raw_html el_class=&#8221;contact-info&#8221;]JTNDcCUzRSUzQ2klMjBjbGFzcyUzRCUyMmZhJTIwZmEtbWFwLW1hcmtlciUyMiUzRSUzQyUyRmklM0VGZWx0aGFtJTIwUG9pbnQlMkMlMjBBaXIlMjBQYXJrJTIwV2F5JTJDJTIwJTNDYnIlM0VGZWx0aGFtJTJDJTIwTWlkZGxlc2V4JTJDJTIwVFcxMyUyMDdFUSUzQyUyRnAlM0UlM0NwJTNFJTNDaSUyMGNsYXNzJTNEJTIyZmElMjBmYS1waG9uZSUyMiUzRSUzQyUyRmklM0UlMjAlMkI0NCUyMCUyODAlMjkyMDglMjA4OTAlMjA1NTUwJTNDJTJGcCUzRSUzQ3AlM0UlM0NpJTIwY2xhc3MlM0QlMjJmYSUyMGZhLWVudmVsb3BlJTIyJTNFJTNDJTJGaSUzRSUyMCUzQ2ElMjBocmVmJTNEJTIybWFpbHRvJTNBaW5mbyU0MGZhc3RsYW5lLXR1cm5zdGlsZXMuY29tJTIyJTNFaW5mbyU0MGZhc3RsYW5lLXR1cm5zdGlsZXMuY29tJTNDJTJGYSUzRSUzQyUyRnAlM0UlM0NwJTNFJTNDaSUyMGNsYXNzJTNEJTIyZmElMjBmYS1mYXglMjIlM0UlM0MlMkZpJTNFJTIwJTJCNDQlMjAlMjgwJTI5MjA4JTIwODkwJTIwMjQ0NCUzQyUyRnAlM0UlMEElMEElMEElMEElM0NwJTNFJTNDaSUyMGNsYXNzJTNEJTIyZmElMjBmYS1tYXAtbWFya2VyJTIyJTNFJTNDJTJGaSUzRSUzQ2ElMjBocmVmJTNEJTIyaHR0cHMlM0ElMkYlMkZ3d3cuZ29vZ2xlLmNvLnVrJTJGbWFwcyUyRnBsYWNlJTJGSW50ZWdyYXRlZCUyQkRlc2lnbiUyQkxpbWl0ZWQlMkYlNDA1MS40NDM2MTUlMkMtMC40MDgxNTQ1JTJDMTl6JTJGZGF0YSUzRCUyMTNtMSUyMTRiMSUyMTRtNSUyMTNtNCUyMTFzMHg0ODc2NzM2ZWZjZTFhZmMxJTNBMHg2YWIyZTYwMGFiMGNiOTFkJTIxOG0yJTIxM2Q1MS40NDM2MTUlMjE0ZC0wLjQwNzYwNiUyMiUyMHRhcmdldCUzRCUyMl9ibGFuayUyMiUzRUNvbW1lbnQlMjBzJUUyJTgwJTk5eSUyMHJlbmRyZSUzQyUyRmElM0UlM0MlMkZwJTNF[\/vc_raw_html][vc_custom_heading text=&#8221;Pr\u00e9sence mondiale&#8221; font_container=&#8221;tag:div|font_size:22|text_align:left|color:%23111111&#8243; use_theme_fonts=&#8221;yes&#8221; css=&#8221;.vc_custom_1516884901350{margin-bottom: 20px !important;border-bottom-width: 1px !important;padding-bottom: 10px !important;border-bottom-color: #dddddd !important;border-bottom-style: solid !important;}&#8221;][vc_btn title=&#8221;Cliquez ici pour les distributeurs&#8221; shape=&#8221;square&#8221; align=&#8221;left&#8221; button_block=&#8221;true&#8221; link=&#8221;url:%23territories|||rel:nofollow&#8221;][\/vc_column][\/vc_row][vc_row][vc_column][vc_empty_space][\/vc_column][\/vc_row][vc_row][vc_column][vc_separator][\/vc_column][\/vc_row][vc_row css=&#8221;.vc_custom_1438421533811{margin-bottom: 0px !important;}&#8221;][vc_column css=&#8221;.vc_custom_1438421510815{margin-bottom: 20px !important;}&#8221;][vc_raw_html]JTNDaWZyYW1lJTIwc3JjJTNEJTIyaHR0cHMlM0ElMkYlMkZ3d3cuZ29vZ2xlLmNvbSUyRm1hcHMlMkZlbWJlZCUzRnBiJTNEJTIxMW0xOCUyMTFtMTIlMjExbTMlMjExZDYyMS42OTc5ODIwNDI5MjAzJTIxMmQtMC40MDgxNTMxNzA3NTk4OTk4JTIxM2Q1MS40NDM2MTQ5OTg3MjY1NDUlMjEybTMlMjExZjAlMjEyZjAlMjEzZjAlMjEzbTIlMjExaTEwMjQlMjEyaTc2OCUyMTRmMTMuMSUyMTNtMyUyMTFtMiUyMTFzMHg0ODc2NzM2ZWZjZTFhZmMxJTI1M0EweDZhYjJlNjAwYWIwY2I5MWQlMjEyc0ludGVncmF0ZWQlMkJEZXNpZ24lMkJMaW1pdGVkJTIxNWUwJTIxM20yJTIxMXNlbiUyMTJzdWslMjE0djE1MzM1NTk3NjQwOTUlMjIlMjB3aWR0aCUzRCUyMjEwMCUyNSUyMiUyMGhlaWdodCUzRCUyMjQ1MCUyMiUyMGZyYW1lYm9yZGVyJTNEJTIyMCUyMiUyMHN0eWxlJTNEJTIyYm9yZGVyJTNBMCUyMiUyMGFsbG93ZnVsbHNjcmVlbiUzRSUzQyUyRmlmcmFtZSUzRQ==[\/vc_raw_html][vc_btn title=&#8221;Cliquez ici pour conna\u00eetre l&#8217;itin\u00e9raire&#8221; shape=&#8221;square&#8221; align=&#8221;left&#8221; button_block=&#8221;true&#8221; link=&#8221;url:https%3A%2F%2Fwww.google.co.uk%2Fmaps%2Fplace%2FIntegrated%2BDesign%2BLimited%2F%4051.443615%2C-0.4081545%2C19z%2Fdata%3D!3m1!4b1!4m5!3m4!1s0x4876736efce1afc1%3A0x6ab2e600ab0cb91d!8m2!3d51.443615!4d-0.407606|title:Get%20Directions|target:%20_blank|&#8221; css=&#8221;.vc_custom_1516884967141{margin-top: 20px !important;}&#8221;][\/vc_column][\/vc_row][vc_row el_id=&#8221;territories&#8221;][vc_column][vc_separator][\/vc_column][\/vc_row][vc_row css=&#8221;.vc_custom_1488296652204{margin-top: 0px !important;margin-bottom: 0px !important;}&#8221;][vc_column][vc_custom_heading text=&#8221;Territoires&#8221; font_container=&#8221;tag:div|font_size:22|text_align:left|color:%23111111&#8243; use_theme_fonts=&#8221;yes&#8221; css=&#8221;.vc_custom_1516884997499{margin-top: 30px !important;margin-bottom: 30px !important;border-bottom-width: 1px !important;padding-bottom: 20px !important;border-bottom-color: #dddddd !important;border-bottom-style: solid !important;}&#8221;][\/vc_column][\/vc_row][vc_row][vc_column][vc_empty_space][\/vc_column][\/vc_row][vc_row][vc_column][vc_tta_tabs][vc_tta_section title=&#8221;Les Am\u00e9riques et le Canada&#8221; tab_id=&#8221;1495965321545-298800a3-76e7&#8243;][vc_column_text]<strong>Smarter Security, Inc.<\/strong><\/p>\n<p>110 Wild Basin Road #200, Austin, Texas, 78746, \u00c9tats-Unis<\/p>\n<p>T\u00e9l\u00e9phone : 512.328.7277<br \/>\nAppel sans frais : 800.943.0043<br \/>\nFax: 512.328.7280<br \/>\n<a href=\"http:\/\/www.smartersecurity.com\/\" target=\"_blank\" rel=\"noopener\">www.smartersecurity.com<\/a>[\/vc_column_text][\/vc_tta_section][vc_tta_section title=&#8221;Asie-Pacifique&#8221; tab_id=&#8221;1495963620554-ef6c6357-01d0&#8243;][vc_column_text]<\/p>\n<h3 class=\"p1\">Japon<\/h3>\n<p class=\"p1\"><strong>Yonei &amp; Co. Ltd. Ventes Asie-Pacifique\u00a0<\/strong><\/p>\n<p>Yonei Building, 8-20 Ginza 2-Chrome,<br \/>\nChuo-Ku, Tokyo, 104-0061 Japon<\/p>\n<p>T\u00e9l : 03-3564-8711<br \/>\nFax : 03-3562-4660<br \/>\n<a href=\"http:\/\/www.yonei.co.jp\/business\/equipment.html\" target=\"_blank\" rel=\"noopener\">www.yonei.co.jp<\/a>[\/vc_column_text][vc_empty_space height=&#8221;15px&#8221;][vc_separator][vc_empty_space height=&#8221;15px&#8221;][vc_column_text]<\/p>\n<h3 class=\"p1\">Chine<\/h3>\n<p class=\"p1\"><strong>Partenaire de distribution r\u00e9gionale YOLON &#8211; Chine<\/strong><\/p>\n<p>Room 904, Building No. 18<br \/>\n50 Smart Science Park<br \/>\nNo. 423 Wu Ning Road 200063<br \/>\nShanghai, Chine<\/p>\n<p>T\u00e9l : 8621 5252 7145<br \/>\nFax : 8621 5252 7145 *818<br \/>\n<a href=\"http:\/\/www.yolon.net.cn\" target=\"_blank\" rel=\"noopener\">www.yolon.net.cn<\/a>[\/vc_column_text][vc_empty_space height=&#8221;15px&#8221;][vc_separator][vc_empty_space height=&#8221;15px&#8221;][vc_column_text]<\/p>\n<h3 class=\"p1\">Singapour<\/h3>\n<p class=\"p1\"><strong>IDL-APAC<\/strong><\/p>\n<p>200 Moulmein Road<br \/>\nUnit 09-06 Singapour 308107<\/p>\n<p>T\u00e9l : (65) 6256 9027<br \/>\nFax : (65) 6234 2849<\/p>\n<p><a href=\"http:\/\/www.idl-apac.com\/\" target=\"_blank\" rel=\"noopener\">http:\/\/www.idl-apac.com<\/a>[\/vc_column_text][\/vc_tta_section][vc_tta_section title=&#8221;Europe et C.E.I.&#8221; tab_id=&#8221;1495967022358-2181b4f1-9f25&#8243;][vc_column_text]<strong>Pour les demandes de renseignements concernant l&#8217;Europe, veuillez contacter :\u00a0<\/strong><\/p>\n<p><strong>Integrated Design Ltd<\/strong>, Feltham Point, Browells Lane, Feltham, Middlesex, TW13 7EQ Royaume-Uni<\/p>\n<h3>France<\/h3>\n<p><strong>Fastlane S.A.R.L<\/strong><\/p>\n<p>37-39 Avenue Ledru-Rollin<br \/>\n75570 Paris Cedex 12<\/p>\n<p>T\u00e9l : +33(0)1 56 95 19 50<br \/>\n<a href=\"http:\/\/www.idl-fastlane.fr\" target=\"_blank\" rel=\"noopener\">www.idl-fastlane.fr<\/a>[\/vc_column_text][vc_empty_space height=&#8221;15px&#8221;][vc_separator][vc_empty_space height=&#8221;15px&#8221;][vc_column_text]<\/p>\n<h3>Italie<\/h3>\n<p class=\"p1\"><strong>M&amp;A Associates \u2013\u00a0\u00a0Italie \/ Italia<\/strong><\/p>\n<p class=\"p1\">Via Marco<br \/>\nD&#8217;Oggiono 2<br \/>\n20123 Milan<\/p>\n<p class=\"p1\">T\u00e9l : (+39) 02 89 42 29 42<br \/>\nPortable : (+39) 34 03 94 42 46<br \/>\nE-mail : <a href=\"mailto:canthon@tin.it\">canthon@tin.it<\/a><\/p>\n<p>[\/vc_column_text][\/vc_tta_section][vc_tta_section title=&#8221;Moyen-Orient&#8221; tab_id=&#8221;1495965173093-ef3d55b7-973d&#8221;][vc_column_text]<strong>Pour les demandes de renseignements concernant le Moyen-Orient, veuillez contacter :<\/strong><\/p>\n<p><strong>Integrated Design Ltd<\/strong>, Feltham Point, Air Park Way, Feltham, Middlesex, TW13 7EQ, Royaume-Uni<\/p>\n<p>T\u00e9l : 44 (0) 208 890 5550<br \/>\nFax : 44 (0) 208 890 2444[\/vc_column_text][\/vc_tta_section][vc_tta_section title=&#8221;Autres pays du monde&#8221; tab_id=&#8221;1495963620445-f196d5d3-64b2&#8243;][vc_column_text]<\/p>\n<p class=\"p1\"><strong>Pour les demandes de renseignements concernant d&#8217;autres pays du monde, veuillez contacter :<\/strong><\/p>\n<p class=\"p1\"><strong>Integrated Design Ltd<\/strong>, Feltham Point, Browells Lane, Feltham, Middlesex, TW13 7EQ Royaume-Uni<\/p>\n<p class=\"p1\">T\u00e9l : 44 (0) 208 890 5550<br \/>\nFax : 44 (0) 208 890 2444<\/p>\n<p>[\/vc_column_text][\/vc_tta_section][vc_tta_section title=&#8221;Royaume-Uni&#8221; tab_id=&#8221;1507887355137-2e010e3b-188f&#8221;][vc_column_text]<strong>Pour les demandes de renseignements concernant le Royaume-Uni, veuillez contacter :\u00a0<\/strong><\/p>\n<p><strong>Integrated Design Ltd<\/strong>, Feltham Point, Browells Lane, Feltham, Middlesex, TW13 7EQ Royaume-Uni<\/p>\n<p>T\u00e9l: +44 (0) 208 890 5550[\/vc_column_text][\/vc_tta_section][\/vc_tta_tabs][\/vc_column][\/vc_row][vc_row][vc_column][\/vc_column][\/vc_row]<\/p>\n<\/div>","protected":false},"excerpt":{"rendered":"<p>[vc_row css=&#8221;.vc_custom_1438422197296{margin-bottom: 0px !important;}&#8221;][vc_column width=&#8221;2\/3&#8243;][vc_custom_heading text=&#8221;Contactez-nous&#8221; font_container=&#8221;tag:div|font_size:26|text_align:left|color:%23000000&#8243; use_theme_fonts=&#8221;yes&#8221; css=&#8221;.vc_custom_1516884582641{margin-bottom: 20px !important;}&#8221;][vc_custom_heading text=&#8221;Notre \u00e9quipe peut vous aider en r\u00e9pondant \u00e0 vos [&hellip;]<\/p>\n","protected":false},"author":1,"featured_media":0,"parent":0,"menu_order":0,"comment_status":"closed","ping_status":"closed","template":"","meta":{"footnotes":""},"class_list":["post-380","page","type-page","status-publish","hentry"],"yoast_head":"<!-- This site is optimized with the Yoast SEO plugin v27.5 - https:\/\/yoast.com\/product\/yoast-seo-wordpress\/ -->\n<title>Contactez-nous - Fastlane Turnstiles | Integrated Design Limited<\/title>\n<meta name=\"description\" content=\"Notre \u00e9quipe peut vous aider en r\u00e9pondant \u00e0 vos questions, et en vous conseillant sur le meilleur produit pour votre projet, les d\u00e9lais, les produits sur mesure, les int\u00e9grations, les sp\u00e9cifications du produit ou le BIM. Une carte vous est pr\u00e9sent\u00e9e ci-dessous, indiquant les territoires que nous couvrons.\" \/>\n<meta name=\"robots\" content=\"index, follow, max-snippet:-1, max-image-preview:large, max-video-preview:-1\" \/>\n<link rel=\"canonical\" href=\"https:\/\/www.fastlane-turnstiles.com\/fr\/contactez-nous\/\" \/>\n<meta property=\"og:locale\" content=\"en_GB\" \/>\n<meta property=\"og:type\" content=\"article\" \/>\n<meta property=\"og:title\" content=\"Contactez-nous - Fastlane Turnstiles | Integrated Design Limited\" \/>\n<meta property=\"og:description\" content=\"Notre \u00e9quipe peut vous aider en r\u00e9pondant \u00e0 vos questions, et en vous conseillant sur le meilleur produit pour votre projet, les d\u00e9lais, les produits sur mesure, les int\u00e9grations, les sp\u00e9cifications du produit ou le BIM. Une carte vous est pr\u00e9sent\u00e9e ci-dessous, indiquant les territoires que nous couvrons.\" \/>\n<meta property=\"og:url\" content=\"https:\/\/www.fastlane-turnstiles.com\/fr\/contactez-nous\/\" \/>\n<meta property=\"og:site_name\" content=\"Fastlane Turnstiles\" \/>\n<meta property=\"article:modified_time\" content=\"2021-07-09T21:20:41+00:00\" \/>\n<meta name=\"twitter:card\" content=\"summary_large_image\" \/>\n<meta name=\"twitter:label1\" content=\"Estimated reading time\" \/>\n\t<meta name=\"twitter:data1\" content=\"5 minutes\" \/>\n<script type=\"application\/ld+json\" class=\"yoast-schema-graph\">{\"@context\":\"https:\\\/\\\/schema.org\",\"@graph\":[{\"@type\":\"WebPage\",\"@id\":\"https:\\\/\\\/www.fastlane-turnstiles.com\\\/fr\\\/contactez-nous\\\/\",\"url\":\"https:\\\/\\\/www.fastlane-turnstiles.com\\\/fr\\\/contactez-nous\\\/\",\"name\":\"Contactez-nous - Fastlane Turnstiles | Integrated Design Limited\",\"isPartOf\":{\"@id\":\"https:\\\/\\\/www.fastlane-turnstiles.com\\\/fr\\\/#website\"},\"datePublished\":\"2015-08-04T03:14:56+00:00\",\"dateModified\":\"2021-07-09T21:20:41+00:00\",\"description\":\"Notre \u00e9quipe peut vous aider en r\u00e9pondant \u00e0 vos questions, et en vous conseillant sur le meilleur produit pour votre projet, les d\u00e9lais, les produits sur mesure, les int\u00e9grations, les sp\u00e9cifications du produit ou le BIM. Une carte vous est pr\u00e9sent\u00e9e ci-dessous, indiquant les territoires que nous couvrons.\",\"breadcrumb\":{\"@id\":\"https:\\\/\\\/www.fastlane-turnstiles.com\\\/fr\\\/contactez-nous\\\/#breadcrumb\"},\"inLanguage\":\"en-GB\",\"potentialAction\":[{\"@type\":\"ReadAction\",\"target\":[\"https:\\\/\\\/www.fastlane-turnstiles.com\\\/fr\\\/contactez-nous\\\/\"]}]},{\"@type\":\"BreadcrumbList\",\"@id\":\"https:\\\/\\\/www.fastlane-turnstiles.com\\\/fr\\\/contactez-nous\\\/#breadcrumb\",\"itemListElement\":[{\"@type\":\"ListItem\",\"position\":1,\"name\":\"Home\",\"item\":\"https:\\\/\\\/www.fastlane-turnstiles.com\\\/fr\\\/\"},{\"@type\":\"ListItem\",\"position\":2,\"name\":\"Contactez-nous\"}]},{\"@type\":\"WebSite\",\"@id\":\"https:\\\/\\\/www.fastlane-turnstiles.com\\\/fr\\\/#website\",\"url\":\"https:\\\/\\\/www.fastlane-turnstiles.com\\\/fr\\\/\",\"name\":\"Fastlane Turnstiles\",\"description\":\"\",\"potentialAction\":[{\"@type\":\"SearchAction\",\"target\":{\"@type\":\"EntryPoint\",\"urlTemplate\":\"https:\\\/\\\/www.fastlane-turnstiles.com\\\/fr\\\/?s={search_term_string}\"},\"query-input\":{\"@type\":\"PropertyValueSpecification\",\"valueRequired\":true,\"valueName\":\"search_term_string\"}}],\"inLanguage\":\"en-GB\"}]}<\/script>\n<!-- \/ Yoast SEO plugin. -->","yoast_head_json":{"title":"Contactez-nous - Fastlane Turnstiles | Integrated Design Limited","description":"Notre \u00e9quipe peut vous aider en r\u00e9pondant \u00e0 vos questions, et en vous conseillant sur le meilleur produit pour votre projet, les d\u00e9lais, les produits sur mesure, les int\u00e9grations, les sp\u00e9cifications du produit ou le BIM. Une carte vous est pr\u00e9sent\u00e9e ci-dessous, indiquant les territoires que nous couvrons.","robots":{"index":"index","follow":"follow","max-snippet":"max-snippet:-1","max-image-preview":"max-image-preview:large","max-video-preview":"max-video-preview:-1"},"canonical":"https:\/\/www.fastlane-turnstiles.com\/fr\/contactez-nous\/","og_locale":"en_GB","og_type":"article","og_title":"Contactez-nous - Fastlane Turnstiles | Integrated Design Limited","og_description":"Notre \u00e9quipe peut vous aider en r\u00e9pondant \u00e0 vos questions, et en vous conseillant sur le meilleur produit pour votre projet, les d\u00e9lais, les produits sur mesure, les int\u00e9grations, les sp\u00e9cifications du produit ou le BIM. Une carte vous est pr\u00e9sent\u00e9e ci-dessous, indiquant les territoires que nous couvrons.","og_url":"https:\/\/www.fastlane-turnstiles.com\/fr\/contactez-nous\/","og_site_name":"Fastlane Turnstiles","article_modified_time":"2021-07-09T21:20:41+00:00","twitter_card":"summary_large_image","twitter_misc":{"Estimated reading time":"5 minutes"},"schema":{"@context":"https:\/\/schema.org","@graph":[{"@type":"WebPage","@id":"https:\/\/www.fastlane-turnstiles.com\/fr\/contactez-nous\/","url":"https:\/\/www.fastlane-turnstiles.com\/fr\/contactez-nous\/","name":"Contactez-nous - Fastlane Turnstiles | Integrated Design Limited","isPartOf":{"@id":"https:\/\/www.fastlane-turnstiles.com\/fr\/#website"},"datePublished":"2015-08-04T03:14:56+00:00","dateModified":"2021-07-09T21:20:41+00:00","description":"Notre \u00e9quipe peut vous aider en r\u00e9pondant \u00e0 vos questions, et en vous conseillant sur le meilleur produit pour votre projet, les d\u00e9lais, les produits sur mesure, les int\u00e9grations, les sp\u00e9cifications du produit ou le BIM. Une carte vous est pr\u00e9sent\u00e9e ci-dessous, indiquant les territoires que nous couvrons.","breadcrumb":{"@id":"https:\/\/www.fastlane-turnstiles.com\/fr\/contactez-nous\/#breadcrumb"},"inLanguage":"en-GB","potentialAction":[{"@type":"ReadAction","target":["https:\/\/www.fastlane-turnstiles.com\/fr\/contactez-nous\/"]}]},{"@type":"BreadcrumbList","@id":"https:\/\/www.fastlane-turnstiles.com\/fr\/contactez-nous\/#breadcrumb","itemListElement":[{"@type":"ListItem","position":1,"name":"Home","item":"https:\/\/www.fastlane-turnstiles.com\/fr\/"},{"@type":"ListItem","position":2,"name":"Contactez-nous"}]},{"@type":"WebSite","@id":"https:\/\/www.fastlane-turnstiles.com\/fr\/#website","url":"https:\/\/www.fastlane-turnstiles.com\/fr\/","name":"Fastlane Turnstiles","description":"","potentialAction":[{"@type":"SearchAction","target":{"@type":"EntryPoint","urlTemplate":"https:\/\/www.fastlane-turnstiles.com\/fr\/?s={search_term_string}"},"query-input":{"@type":"PropertyValueSpecification","valueRequired":true,"valueName":"search_term_string"}}],"inLanguage":"en-GB"}]}},"_links":{"self":[{"href":"https:\/\/www.fastlane-turnstiles.com\/fr\/wp-json\/wp\/v2\/pages\/380","targetHints":{"allow":["GET"]}}],"collection":[{"href":"https:\/\/www.fastlane-turnstiles.com\/fr\/wp-json\/wp\/v2\/pages"}],"about":[{"href":"https:\/\/www.fastlane-turnstiles.com\/fr\/wp-json\/wp\/v2\/types\/page"}],"author":[{"embeddable":true,"href":"https:\/\/www.fastlane-turnstiles.com\/fr\/wp-json\/wp\/v2\/users\/1"}],"replies":[{"embeddable":true,"href":"https:\/\/www.fastlane-turnstiles.com\/fr\/wp-json\/wp\/v2\/comments?post=380"}],"version-history":[{"count":62,"href":"https:\/\/www.fastlane-turnstiles.com\/fr\/wp-json\/wp\/v2\/pages\/380\/revisions"}],"predecessor-version":[{"id":3311,"href":"https:\/\/www.fastlane-turnstiles.com\/fr\/wp-json\/wp\/v2\/pages\/380\/revisions\/3311"}],"wp:attachment":[{"href":"https:\/\/www.fastlane-turnstiles.com\/fr\/wp-json\/wp\/v2\/media?parent=380"}],"curies":[{"name":"wp","href":"https:\/\/api.w.org\/{rel}","templated":true}]}}