{"id":380,"date":"2015-08-04T03:14:56","date_gmt":"2015-08-04T03:14:56","guid":{"rendered":"http:\/\/builder.zooka.io\/?page_id=380"},"modified":"2018-10-22T12:43:34","modified_gmt":"2018-10-22T11:43:34","slug":"kontakt","status":"publish","type":"page","link":"https:\/\/www.fastlane-turnstiles.com\/de\/kontakt\/","title":{"rendered":"Kontakt"},"content":{"rendered":"<div class=\"wpb-content-wrapper\"><p>[vc_row css=&#8221;.vc_custom_1438422197296{margin-bottom: 0px !important;}&#8221;][vc_column width=&#8221;2\/3&#8243;][vc_custom_heading text=&#8221;Kontakt&#8221; font_container=&#8221;tag:h1|font_size:26|text_align:left|color:%23000000&#8243; use_theme_fonts=&#8221;yes&#8221; css=&#8221;.vc_custom_1534522371672{margin-bottom: 20px !important;}&#8221;][vc_custom_heading text=&#8221;Unser Team unterst\u00fctzt Sie bei Anfragen und ber\u00e4t Sie gerne zum besten Produkt f\u00fcr Ihr Projekt, zum Zeitrahmen, zu ma\u00dfgeschneiderten Produkten, Integrationen, Produktspezifikationen und BIM. Unten finden Sie eine Karte der Regionen, in denen unsere Produkte erh\u00e4ltlich sind.&#8221; font_container=&#8221;tag:h2|font_size:22|text_align:left|color:%23348a32&#8243; use_theme_fonts=&#8221;yes&#8221; css=&#8221;.vc_custom_1534522393847{margin-top: 20px !important;margin-bottom: 30px !important;}&#8221;][vc_column_text css=&#8221;.vc_custom_1534522412654{margin-bottom: 30px !important;}&#8221;]F\u00fcllen Sie das Formular unten aus, ein Mitglied unseres Teams wird sich dann mit Ihnen in Verbindung setzen. Oder scrollen Sie nach unten, dort finden Sie Kontaktdaten f\u00fcr Ihre Region.[\/vc_column_text]\n<div class=\"wpcf7 no-js\" id=\"wpcf7-f2363-o1\" lang=\"en-GB\" dir=\"ltr\" data-wpcf7-id=\"2363\">\n<div class=\"screen-reader-response\"><p role=\"status\" aria-live=\"polite\" aria-atomic=\"true\"><\/p> <ul><\/ul><\/div>\n<form action=\"\/de\/wp-json\/wp\/v2\/pages\/380#wpcf7-f2363-o1\" method=\"post\" class=\"wpcf7-form init\" aria-label=\"Contact form\" novalidate=\"novalidate\" data-status=\"init\">\n<fieldset class=\"hidden-fields-container\"><input type=\"hidden\" name=\"_wpcf7\" value=\"2363\" \/><input type=\"hidden\" name=\"_wpcf7_version\" value=\"6.1.6\" \/><input type=\"hidden\" name=\"_wpcf7_locale\" value=\"en_GB\" \/><input type=\"hidden\" name=\"_wpcf7_unit_tag\" value=\"wpcf7-f2363-o1\" \/><input type=\"hidden\" name=\"_wpcf7_container_post\" value=\"0\" \/><input type=\"hidden\" name=\"_wpcf7_posted_data_hash\" value=\"\" \/><input type=\"hidden\" name=\"_wpcf7_recaptcha_response\" value=\"\" \/>\n<\/fieldset>\n<p><label> Name (Pflichtfeld)<br \/>\n<span class=\"wpcf7-form-control-wrap\" data-name=\"your-name\"><input size=\"40\" maxlength=\"400\" class=\"wpcf7-form-control wpcf7-text wpcf7-validates-as-required\" aria-required=\"true\" aria-invalid=\"false\" value=\"\" type=\"text\" name=\"your-name\" \/><\/span> <\/label>\n<\/p>\n<p><label> Unternehmen (Pflichtfeld)<br \/>\n<span class=\"wpcf7-form-control-wrap\" data-name=\"company\"><input size=\"40\" maxlength=\"400\" class=\"wpcf7-form-control wpcf7-text wpcf7-validates-as-required\" aria-required=\"true\" aria-invalid=\"false\" value=\"\" type=\"text\" name=\"company\" \/><\/span> <\/label>\n<\/p>\n<p><label> Telefon (Pflichtfeld)<br \/>\n<span class=\"wpcf7-form-control-wrap\" data-name=\"phone\"><input size=\"40\" maxlength=\"400\" class=\"wpcf7-form-control wpcf7-text wpcf7-validates-as-required\" aria-required=\"true\" aria-invalid=\"false\" value=\"\" type=\"text\" name=\"phone\" \/><\/span> <\/label>\n<\/p>\n<p><label> E-Mail-Adresse (Pflichtfeld)<br \/>\n<span class=\"wpcf7-form-control-wrap\" data-name=\"your-email\"><input size=\"40\" maxlength=\"400\" class=\"wpcf7-form-control wpcf7-email wpcf7-validates-as-required wpcf7-text wpcf7-validates-as-email\" aria-required=\"true\" aria-invalid=\"false\" value=\"\" type=\"email\" name=\"your-email\" \/><\/span> <\/label>\n<\/p>\n<p><label> Nachricht<br \/>\n<span class=\"wpcf7-form-control-wrap\" data-name=\"your-message\"><textarea cols=\"40\" rows=\"10\" maxlength=\"2000\" class=\"wpcf7-form-control wpcf7-textarea wpcf7-validates-as-required\" aria-required=\"true\" aria-invalid=\"false\" name=\"your-message\"><\/textarea><\/span> <\/label>\n<\/p>\n\n<p><input class=\"wpcf7-form-control wpcf7-submit has-spinner\" type=\"submit\" value=\"Senden\" \/>\n<\/p><div class=\"wpcf7-response-output\" aria-hidden=\"true\"><\/div>\n<\/form>\n<\/div>\n[\/vc_column][vc_column width=&#8221;1\/3&#8243;][vc_custom_heading text=&#8221;Integrated Design Ltd&#8221; font_container=&#8221;tag:div|font_size:22|text_align:left|color:%23111111&#8243; use_theme_fonts=&#8221;yes&#8221; css=&#8221;.vc_custom_1502534116541{margin-bottom: 20px !important;border-bottom-width: 1px !important;padding-bottom: 10px !important;border-bottom-color: #dddddd !important;border-bottom-style: solid !important;}&#8221;][vc_raw_html el_class=&#8221;contact-info&#8221;]JTNDcCUzRSUzQ2klMjBjbGFzcyUzRCUyMmZhJTIwZmEtbWFwLW1hcmtlciUyMiUzRSUzQyUyRmklM0VGZWx0aGFtJTIwUG9pbnQlMkMlMjBBaXIlMjBQYXJrJTIwV2F5JTJDJTIwJTNDYnIlM0VGZWx0aGFtJTJDJTIwTWlkZGxlc2V4JTJDJTIwVFcxMyUyMDdFUSUyQyUyMEdybyVDMyU5RmJyaXRhbm5pZW4lM0MlMkZwJTNFJTNDcCUzRSUzQ2klMjBjbGFzcyUzRCUyMmZhJTIwZmEtcGhvbmUlMjIlM0UlM0MlMkZpJTNFJTIwJTJCNDQlMjAlMjgwJTI5MjA4JTIwODkwJTIwNTU1MCUzQyUyRnAlM0UlM0NwJTNFJTNDaSUyMGNsYXNzJTNEJTIyZmElMjBmYS1lbnZlbG9wZSUyMiUzRSUzQyUyRmklM0UlMjAlM0NhJTIwaHJlZiUzRCUyMm1haWx0byUzQWluZm8lNDBmYXN0bGFuZS10dXJuc3RpbGVzLmNvbSUyMiUzRWluZm8lNDBmYXN0bGFuZS10dXJuc3RpbGVzLmNvbSUzQyUyRmElM0UlM0MlMkZwJTNFJTNDcCUzRSUzQ2klMjBjbGFzcyUzRCUyMmZhJTIwZmEtZmF4JTIyJTNFJTNDJTJGaSUzRSUyMCUyQjQ0JTIwJTI4MCUyOTIwOCUyMDg5MCUyMDI0NDQlM0MlMkZwJTNFJTBBJTBBJTBBJTBBJTNDcCUzRSUzQ2klMjBjbGFzcyUzRCUyMmZhJTIwZmEtbWFwLW1hcmtlciUyMiUzRSUzQyUyRmklM0UlM0NhJTIwaHJlZiUzRCUyMmh0dHBzJTNBJTJGJTJGd3d3Lmdvb2dsZS5jby51ayUyRm1hcHMlMkZwbGFjZSUyRkludGVncmF0ZWQlMkJEZXNpZ24lMkJMaW1pdGVkJTJGJTQwNTEuNDQzNjE1JTJDLTAuNDA4MTU0NSUyQzE5eiUyRmRhdGElM0QlMjEzbTElMjE0YjElMjE0bTUlMjEzbTQlMjExczB4NDg3NjczNmVmY2UxYWZjMSUzQTB4NmFiMmU2MDBhYjBjYjkxZCUyMThtMiUyMTNkNTEuNDQzNjE1JTIxNGQtMC40MDc2MDYlMjIlMjB0YXJnZXQlM0QlMjJfYmxhbmslMjIlM0VBbmZhaHJ0JTNDJTJGYSUzRSUzQyUyRnAlM0U=[\/vc_raw_html][vc_custom_heading text=&#8221;Global&#8221; font_container=&#8221;tag:div|font_size:22|text_align:left|color:%23111111&#8243; use_theme_fonts=&#8221;yes&#8221; css=&#8221;.vc_custom_1534522698047{margin-bottom: 20px !important;border-bottom-width: 1px !important;padding-bottom: 10px !important;border-bottom-color: #dddddd !important;border-bottom-style: solid !important;}&#8221;][vc_btn title=&#8221;H\u00e4ndler finden Sie hier&#8221; shape=&#8221;square&#8221; align=&#8221;left&#8221; button_block=&#8221;true&#8221; link=&#8221;url:%23territories|||rel:nofollow&#8221;][\/vc_column][\/vc_row][vc_row][vc_column][vc_empty_space][\/vc_column][\/vc_row][vc_row][vc_column][vc_separator][\/vc_column][\/vc_row][vc_row css=&#8221;.vc_custom_1438421533811{margin-bottom: 0px !important;}&#8221;][vc_column css=&#8221;.vc_custom_1438421510815{margin-bottom: 20px !important;}&#8221;][vc_raw_html]JTNDaWZyYW1lJTIwc3JjJTNEJTIyaHR0cHMlM0ElMkYlMkZ3d3cuZ29vZ2xlLmNvbSUyRm1hcHMlMkZlbWJlZCUzRnBiJTNEJTIxMW0xOCUyMTFtMTIlMjExbTMlMjExZDYyMS42OTc5ODIwNDI5MjAzJTIxMmQtMC40MDgxNTMxNzA3NTk4OTk4JTIxM2Q1MS40NDM2MTQ5OTg3MjY1NDUlMjEybTMlMjExZjAlMjEyZjAlMjEzZjAlMjEzbTIlMjExaTEwMjQlMjEyaTc2OCUyMTRmMTMuMSUyMTNtMyUyMTFtMiUyMTFzMHg0ODc2NzM2ZWZjZTFhZmMxJTI1M0EweDZhYjJlNjAwYWIwY2I5MWQlMjEyc0ludGVncmF0ZWQlMkJEZXNpZ24lMkJMaW1pdGVkJTIxNWUwJTIxM20yJTIxMXNlbiUyMTJzdWslMjE0djE1MzM1NTk3NjQwOTUlMjIlMjB3aWR0aCUzRCUyMjEwMCUyNSUyMiUyMGhlaWdodCUzRCUyMjQ1MCUyMiUyMGZyYW1lYm9yZGVyJTNEJTIyMCUyMiUyMHN0eWxlJTNEJTIyYm9yZGVyJTNBMCUyMiUyMGFsbG93ZnVsbHNjcmVlbiUzRSUzQyUyRmlmcmFtZSUzRQ==[\/vc_raw_html][vc_btn title=&#8221;Eine Anfahrtsbeschreibung finden Sie hier&#8221; shape=&#8221;square&#8221; align=&#8221;left&#8221; button_block=&#8221;true&#8221; link=&#8221;url:https%3A%2F%2Fwww.google.co.uk%2Fmaps%2Fplace%2FIntegrated%2BDesign%2BLimited%2F%4051.443615%2C-0.4081545%2C19z%2Fdata%3D!3m1!4b1!4m5!3m4!1s0x4876736efce1afc1%3A0x6ab2e600ab0cb91d!8m2!3d51.443615!4d-0.407606|title:Get%20Directions|target:%20_blank|&#8221; css=&#8221;.vc_custom_1534522851152{margin-top: 20px !important;}&#8221;][\/vc_column][\/vc_row][vc_row el_id=&#8221;territories&#8221;][vc_column][vc_separator][\/vc_column][\/vc_row][vc_row css=&#8221;.vc_custom_1488296652204{margin-top: 0px !important;margin-bottom: 0px !important;}&#8221;][vc_column][vc_custom_heading text=&#8221;Regionen&#8221; font_container=&#8221;tag:div|font_size:22|text_align:left|color:%23111111&#8243; use_theme_fonts=&#8221;yes&#8221; css=&#8221;.vc_custom_1534767375653{margin-top: 30px !important;margin-bottom: 30px !important;border-bottom-width: 1px !important;padding-bottom: 20px !important;border-bottom-color: #dddddd !important;border-bottom-style: solid !important;}&#8221;][\/vc_column][\/vc_row][vc_row][vc_column][vc_empty_space][\/vc_column][\/vc_row][vc_row][vc_column][vc_tta_tabs][vc_tta_section title=&#8221;Amerika und Kanada&#8221; tab_id=&#8221;1495965321545-298800a3-76e7&#8243;][vc_column_text]<strong>Smarter Security, Inc.<\/strong><\/p>\n<p>110 Wild Basin Road #200, Austin, Texas, 78746, USA<\/p>\n<p>Telefon: 512 328 7277<br \/>\nGeb\u00fchrenfrei: 800 943 0043<br \/>\nFax: 512 328 7280<br \/>\n<a href=\"http:\/\/www.smartersecurity.com\/\" target=\"_blank\" rel=\"noopener\">www.smartersecurity.com<\/a>[\/vc_column_text][\/vc_tta_section][vc_tta_section title=&#8221;Asien-Pazifik&#8221; tab_id=&#8221;1495963620554-ef6c6357-01d0&#8243;][vc_column_text]<\/p>\n<h3 class=\"p1\">Singapur<\/h3>\n<p class=\"p1\"><strong>IDL-APAC<\/strong><\/p>\n<p>200 Moulmein Road<br \/>\nUnit 09-06 Singapur 308107<\/p>\n<p>Telefon: (65) 6256 9027<br \/>\nFax: (65) 6234 2849<\/p>\n<p><a href=\"http:\/\/www.idl-apac.com\/\" target=\"_blank\" rel=\"noopener\">http:\/\/www.idl-apac.com<\/a>[\/vc_column_text][vc_empty_space height=&#8221;15px&#8221;][vc_separator][vc_empty_space height=&#8221;15px&#8221;][vc_column_text]<\/p>\n<h3 class=\"p1\">China<\/h3>\n<p class=\"p1\"><strong>YOLON Regional Distribution Partner &#8211; China<\/strong><\/p>\n<p>Room 904, Building No. 18<br \/>\n50 Smart Science Park<br \/>\nNo. 423 Wu Ning Road 200063<br \/>\nShanghai, China<\/p>\n<p>Tel: 8621 5252 7145<br \/>\nFax: 8621 5252 7145 *818<br \/>\n<a href=\"http:\/\/www.yolon.net.cn\" target=\"_blank\" rel=\"noopener\">www.yolon.net.cn<\/a>[\/vc_column_text][vc_empty_space height=&#8221;15px&#8221;][vc_separator][vc_empty_space height=&#8221;15px&#8221;][vc_column_text]<\/p>\n<h3 class=\"p1\">Japan<\/h3>\n<p class=\"p1\"><strong>Yonei &amp; Co. Ltd. Asia Pacific Sales<\/strong><\/p>\n<p>Yonei Building, 8-20 Ginza 2-Chrome,<br \/>\nChuo-Ku, Tokyo, 104-0061 Japan<\/p>\n<p>Tel: 03-3564-8711<br \/>\nFax: 03-3562-4660<br \/>\n<a href=\"http:\/\/www.yonei.co.jp\/business\/equipment.html\" target=\"_blank\" rel=\"noopener\">www.yonei.co.jp<\/a>[\/vc_column_text][\/vc_tta_section][vc_tta_section title=&#8221;Europa und GUS&#8221; tab_id=&#8221;1495967022358-2181b4f1-9f25&#8243;][vc_column_text]<strong>Wenden Sie sich f\u00fcr Anfragen aus Europa an:\u00a0<\/strong><\/p>\n<p><strong>Integrated Design Ltd<\/strong>, Feltham Point, Browells Lane, Feltham, Middlesex, TW13 7EQ, Gro\u00dfbritannien<\/p>\n<h3>Frankreich<\/h3>\n<p><strong>Fastlane S.A.R.L.<\/strong><br \/>\n37-39 Avenue Ledru-Rollin<br \/>\n75570 Paris Cedex 12<\/p>\n<p>T\u00e9l: +33(0)1 56 95 19 50<br \/>\n<a href=\"http:\/\/www.idl-fastlane.fr\" target=\"_blank\" rel=\"noopener\">www.idl-fastlane.fr<\/a>[\/vc_column_text][vc_empty_space height=&#8221;15px&#8221;][vc_separator][vc_empty_space height=&#8221;15px&#8221;][vc_column_text]<\/p>\n<h3>Italien<\/h3>\n<p class=\"p1\"><strong>M&amp;A Associates \u2013\u00a0Italia<\/strong><\/p>\n<p class=\"p1\">Via Marco<br \/>\nD&#8217;Oggiono 2<br \/>\n20123 Milano<\/p>\n<p class=\"p1\">Tel: (+39) 02 89 42 29 42<br \/>\nMob: (+39) 34 03 94 42 46<br \/>\nEmail: <a href=\"mailto:canthon@tin.it\">canthon@tin.it<\/a><\/p>\n<p>[\/vc_column_text][\/vc_tta_section][vc_tta_section title=&#8221;Naher Osten&#8221; tab_id=&#8221;1495965173093-ef3d55b7-973d&#8221;][vc_column_text]<strong>For Middle East enquiries, please contact:\u00a0<\/strong><\/p>\n<p><strong>Integrated Design Ltd<\/strong>, Feltham Point, Air Park Way, Feltham, Middlesex, TW13 7EQ, Gro\u00dfbritannien<\/p>\n<p>Tel: +44 (0)208 890 5550<br \/>\nFax: +44 (0)208 890 2444[\/vc_column_text][\/vc_tta_section][vc_tta_section title=&#8221;Andere Regionen&#8221; tab_id=&#8221;1495963620445-f196d5d3-64b2&#8243;][vc_column_text]<\/p>\n<p class=\"p1\"><strong>Wenden Sie sich f\u00fcr Anfragen aus anderen Regionen an:<\/strong><\/p>\n<p class=\"p1\"><strong>Integrated Design Ltd<\/strong>, Feltham Point, Browells Lane, Feltham, Middlesex, TW13 7EQ, Gro\u00dfbritannien<\/p>\n<p class=\"p1\">Tel: +44 (0)208 890 5550<br \/>\nFax: +44 (0)208 890 2444<\/p>\n<p>[\/vc_column_text][\/vc_tta_section][vc_tta_section title=&#8221;Gro\u00dfbritannien&#8221; tab_id=&#8221;1507887355137-2e010e3b-188f&#8221;][vc_column_text]<strong>For UK enquiries, please contact:\u00a0<\/strong><\/p>\n<p><strong>Integrated Design Ltd<\/strong>, Feltham Point, Browells Lane, Feltham, Middlesex, TW13 7EQ, Gro\u00dfbritannien<\/p>\n<p>Tel: +44 (0)208 890 5550[\/vc_column_text][\/vc_tta_section][\/vc_tta_tabs][\/vc_column][\/vc_row][vc_row][vc_column][\/vc_column][\/vc_row]<\/p>\n<\/div>","protected":false},"excerpt":{"rendered":"<p>[vc_row css=&#8221;.vc_custom_1438422197296{margin-bottom: 0px !important;}&#8221;][vc_column width=&#8221;2\/3&#8243;][vc_custom_heading text=&#8221;Kontakt&#8221; font_container=&#8221;tag:h1|font_size:26|text_align:left|color:%23000000&#8243; use_theme_fonts=&#8221;yes&#8221; css=&#8221;.vc_custom_1534522371672{margin-bottom: 20px !important;}&#8221;][vc_custom_heading text=&#8221;Unser Team unterst\u00fctzt Sie bei Anfragen und ber\u00e4t Sie [&hellip;]<\/p>\n","protected":false},"author":1,"featured_media":0,"parent":0,"menu_order":0,"comment_status":"closed","ping_status":"closed","template":"","meta":{"footnotes":""},"class_list":["post-380","page","type-page","status-publish","hentry"],"yoast_head":"<!-- This site is optimized with the Yoast SEO plugin v27.6 - https:\/\/yoast.com\/product\/yoast-seo-wordpress\/ -->\n<title>Kontakt - Fastlane Turnstiles | Integrated Design Limited<\/title>\n<meta name=\"description\" content=\"Unser Team unterst\u00fctzt Sie bei Anfragen und ber\u00e4t Sie gerne zum besten Produkt f\u00fcr Ihr Projekt, zum Zeitrahmen, zu ma\u00dfgeschneiderten Produkten, Integrationen, Produktspezifikationen und BIM.\" \/>\n<meta name=\"robots\" content=\"index, follow, max-snippet:-1, max-image-preview:large, max-video-preview:-1\" \/>\n<link rel=\"canonical\" href=\"https:\/\/www.fastlane-turnstiles.com\/de\/kontakt\/\" \/>\n<meta property=\"og:locale\" content=\"en_GB\" \/>\n<meta property=\"og:type\" content=\"article\" \/>\n<meta property=\"og:title\" content=\"Kontakt - Fastlane Turnstiles | Integrated Design Limited\" \/>\n<meta property=\"og:description\" content=\"Unser Team unterst\u00fctzt Sie bei Anfragen und ber\u00e4t Sie gerne zum besten Produkt f\u00fcr Ihr Projekt, zum Zeitrahmen, zu ma\u00dfgeschneiderten Produkten, Integrationen, Produktspezifikationen und BIM.\" \/>\n<meta property=\"og:url\" content=\"https:\/\/www.fastlane-turnstiles.com\/de\/kontakt\/\" \/>\n<meta property=\"og:site_name\" content=\"Fastlane Turnstiles\" \/>\n<meta property=\"article:modified_time\" content=\"2018-10-22T11:43:34+00:00\" \/>\n<meta name=\"twitter:card\" content=\"summary_large_image\" \/>\n<meta name=\"twitter:label1\" content=\"Estimated reading time\" \/>\n\t<meta name=\"twitter:data1\" content=\"5 minutes\" \/>\n<script type=\"application\/ld+json\" class=\"yoast-schema-graph\">{\"@context\":\"https:\\\/\\\/schema.org\",\"@graph\":[{\"@type\":\"WebPage\",\"@id\":\"https:\\\/\\\/www.fastlane-turnstiles.com\\\/de\\\/kontakt\\\/\",\"url\":\"https:\\\/\\\/www.fastlane-turnstiles.com\\\/de\\\/kontakt\\\/\",\"name\":\"Kontakt - Fastlane Turnstiles | Integrated Design Limited\",\"isPartOf\":{\"@id\":\"https:\\\/\\\/www.fastlane-turnstiles.com\\\/de\\\/#website\"},\"datePublished\":\"2015-08-04T03:14:56+00:00\",\"dateModified\":\"2018-10-22T11:43:34+00:00\",\"description\":\"Unser Team unterst\u00fctzt Sie bei Anfragen und ber\u00e4t Sie gerne zum besten Produkt f\u00fcr Ihr Projekt, zum Zeitrahmen, zu ma\u00dfgeschneiderten Produkten, Integrationen, Produktspezifikationen und BIM.\",\"breadcrumb\":{\"@id\":\"https:\\\/\\\/www.fastlane-turnstiles.com\\\/de\\\/kontakt\\\/#breadcrumb\"},\"inLanguage\":\"en-GB\",\"potentialAction\":[{\"@type\":\"ReadAction\",\"target\":[\"https:\\\/\\\/www.fastlane-turnstiles.com\\\/de\\\/kontakt\\\/\"]}]},{\"@type\":\"BreadcrumbList\",\"@id\":\"https:\\\/\\\/www.fastlane-turnstiles.com\\\/de\\\/kontakt\\\/#breadcrumb\",\"itemListElement\":[{\"@type\":\"ListItem\",\"position\":1,\"name\":\"Home\",\"item\":\"https:\\\/\\\/www.fastlane-turnstiles.com\\\/de\\\/\"},{\"@type\":\"ListItem\",\"position\":2,\"name\":\"Kontakt\"}]},{\"@type\":\"WebSite\",\"@id\":\"https:\\\/\\\/www.fastlane-turnstiles.com\\\/de\\\/#website\",\"url\":\"https:\\\/\\\/www.fastlane-turnstiles.com\\\/de\\\/\",\"name\":\"Fastlane Turnstiles\",\"description\":\"\",\"potentialAction\":[{\"@type\":\"SearchAction\",\"target\":{\"@type\":\"EntryPoint\",\"urlTemplate\":\"https:\\\/\\\/www.fastlane-turnstiles.com\\\/de\\\/?s={search_term_string}\"},\"query-input\":{\"@type\":\"PropertyValueSpecification\",\"valueRequired\":true,\"valueName\":\"search_term_string\"}}],\"inLanguage\":\"en-GB\"}]}<\/script>\n<!-- \/ Yoast SEO plugin. -->","yoast_head_json":{"title":"Kontakt - Fastlane Turnstiles | Integrated Design Limited","description":"Unser Team unterst\u00fctzt Sie bei Anfragen und ber\u00e4t Sie gerne zum besten Produkt f\u00fcr Ihr Projekt, zum Zeitrahmen, zu ma\u00dfgeschneiderten Produkten, Integrationen, Produktspezifikationen und BIM.","robots":{"index":"index","follow":"follow","max-snippet":"max-snippet:-1","max-image-preview":"max-image-preview:large","max-video-preview":"max-video-preview:-1"},"canonical":"https:\/\/www.fastlane-turnstiles.com\/de\/kontakt\/","og_locale":"en_GB","og_type":"article","og_title":"Kontakt - Fastlane Turnstiles | Integrated Design Limited","og_description":"Unser Team unterst\u00fctzt Sie bei Anfragen und ber\u00e4t Sie gerne zum besten Produkt f\u00fcr Ihr Projekt, zum Zeitrahmen, zu ma\u00dfgeschneiderten Produkten, Integrationen, Produktspezifikationen und BIM.","og_url":"https:\/\/www.fastlane-turnstiles.com\/de\/kontakt\/","og_site_name":"Fastlane Turnstiles","article_modified_time":"2018-10-22T11:43:34+00:00","twitter_card":"summary_large_image","twitter_misc":{"Estimated reading time":"5 minutes"},"schema":{"@context":"https:\/\/schema.org","@graph":[{"@type":"WebPage","@id":"https:\/\/www.fastlane-turnstiles.com\/de\/kontakt\/","url":"https:\/\/www.fastlane-turnstiles.com\/de\/kontakt\/","name":"Kontakt - Fastlane Turnstiles | Integrated Design Limited","isPartOf":{"@id":"https:\/\/www.fastlane-turnstiles.com\/de\/#website"},"datePublished":"2015-08-04T03:14:56+00:00","dateModified":"2018-10-22T11:43:34+00:00","description":"Unser Team unterst\u00fctzt Sie bei Anfragen und ber\u00e4t Sie gerne zum besten Produkt f\u00fcr Ihr Projekt, zum Zeitrahmen, zu ma\u00dfgeschneiderten Produkten, Integrationen, Produktspezifikationen und BIM.","breadcrumb":{"@id":"https:\/\/www.fastlane-turnstiles.com\/de\/kontakt\/#breadcrumb"},"inLanguage":"en-GB","potentialAction":[{"@type":"ReadAction","target":["https:\/\/www.fastlane-turnstiles.com\/de\/kontakt\/"]}]},{"@type":"BreadcrumbList","@id":"https:\/\/www.fastlane-turnstiles.com\/de\/kontakt\/#breadcrumb","itemListElement":[{"@type":"ListItem","position":1,"name":"Home","item":"https:\/\/www.fastlane-turnstiles.com\/de\/"},{"@type":"ListItem","position":2,"name":"Kontakt"}]},{"@type":"WebSite","@id":"https:\/\/www.fastlane-turnstiles.com\/de\/#website","url":"https:\/\/www.fastlane-turnstiles.com\/de\/","name":"Fastlane Turnstiles","description":"","potentialAction":[{"@type":"SearchAction","target":{"@type":"EntryPoint","urlTemplate":"https:\/\/www.fastlane-turnstiles.com\/de\/?s={search_term_string}"},"query-input":{"@type":"PropertyValueSpecification","valueRequired":true,"valueName":"search_term_string"}}],"inLanguage":"en-GB"}]}},"_links":{"self":[{"href":"https:\/\/www.fastlane-turnstiles.com\/de\/wp-json\/wp\/v2\/pages\/380","targetHints":{"allow":["GET"]}}],"collection":[{"href":"https:\/\/www.fastlane-turnstiles.com\/de\/wp-json\/wp\/v2\/pages"}],"about":[{"href":"https:\/\/www.fastlane-turnstiles.com\/de\/wp-json\/wp\/v2\/types\/page"}],"author":[{"embeddable":true,"href":"https:\/\/www.fastlane-turnstiles.com\/de\/wp-json\/wp\/v2\/users\/1"}],"replies":[{"embeddable":true,"href":"https:\/\/www.fastlane-turnstiles.com\/de\/wp-json\/wp\/v2\/comments?post=380"}],"version-history":[{"count":64,"href":"https:\/\/www.fastlane-turnstiles.com\/de\/wp-json\/wp\/v2\/pages\/380\/revisions"}],"predecessor-version":[{"id":3707,"href":"https:\/\/www.fastlane-turnstiles.com\/de\/wp-json\/wp\/v2\/pages\/380\/revisions\/3707"}],"wp:attachment":[{"href":"https:\/\/www.fastlane-turnstiles.com\/de\/wp-json\/wp\/v2\/media?parent=380"}],"curies":[{"name":"wp","href":"https:\/\/api.w.org\/{rel}","templated":true}]}}